{"id":182,"date":"2023-03-08T15:27:38","date_gmt":"2023-03-08T14:27:38","guid":{"rendered":"https:\/\/www.casamarta.it\/privacy-policy-2\/"},"modified":"2023-03-14T09:51:24","modified_gmt":"2023-03-14T08:51:24","slug":"privacy-policy","status":"publish","type":"page","link":"https:\/\/www.casamarta.it\/en1\/privacy-policy\/","title":{"rendered":"Privacy Policy"},"content":{"rendered":"<div data-elementor-type=\"wp-page\" data-elementor-id=\"182\" class=\"elementor elementor-182\" data-elementor-post-type=\"page\">\n\t\t\t\t\t\t<section class=\"elementor-section elementor-top-section elementor-element elementor-element-5b82c793 elementor-section-boxed elementor-section-height-default elementor-section-height-default\" data-id=\"5b82c793\" data-element_type=\"section\">\n\t\t\t\t\t\t<div class=\"elementor-container elementor-column-gap-default\">\n\t\t\t\t\t<div class=\"elementor-column elementor-col-100 elementor-top-column elementor-element elementor-element-18a3dc2\" data-id=\"18a3dc2\" data-element_type=\"column\">\n\t\t\t<div class=\"elementor-widget-wrap elementor-element-populated\">\n\t\t\t\t\t\t<div class=\"elementor-element elementor-element-76944681 elementor-widget elementor-widget-heading\" data-id=\"76944681\" data-element_type=\"widget\" data-widget_type=\"heading.default\">\n\t\t\t\t<div class=\"elementor-widget-container\">\n\t\t\t\t\t<p class=\"elementor-heading-title elementor-size-default\">Privacy Policy<\/p>\t\t\t\t<\/div>\n\t\t\t\t<\/div>\n\t\t\t\t<div class=\"elementor-element elementor-element-5e5df5ca elementor-widget elementor-widget-text-editor\" data-id=\"5e5df5ca\" data-element_type=\"widget\" data-widget_type=\"text-editor.default\">\n\t\t\t\t<div class=\"elementor-widget-container\">\n\t\t\t\t\t\t\t\t\t<div><b class=\"fs15\">1. Titolare del trattamento<\/b><\/div><div>\u00a0<\/div><div><span class=\"fs15\">Il Titolare del trattamento in relazione al GDPR &#8211; Regolamento Europeo 679\/2016 nello specifico la societ\u00e0\u00a0<b>Meravigliosa Toscana s.r.l.<\/b>\u00a0con sede legale in Largo Pietro Lotti 9L \u2013 56029 Santacroce sull&#8217;Arno (Pi) &#8211; Italia &#8211; garantisce il rispetto della disciplina in materia di protezione dei dati personali fornendo le seguenti informazioni circa il trattamento dei dati comunicati o comunque raccolti nel corso della navigazione sul presente sito.<\/span><\/div><div>\u00a0<\/div><div><b class=\"fs15\">2. Dati trattati, finalit\u00e0 e basi giuridiche del trattamento<\/b><\/div><div>\u00a0<\/div><div><b class=\"fs15\">Dati generati dall\u2019accesso al sito<\/b><\/div><div>\u00a0<\/div><div><span class=\"fs15\">I sistemi informatici e le procedure software programmate al funzionamento di questo sito acquisiscono, nel corso del loro normale esercizio, alcuni dati personali la cui trasmissione \u00e8 implicita nell\u2019uso dei protocolli di comunicazione di Internet.<\/span><\/div><div><span class=\"fs15\">Questi dati non sono accompagnati da alcuna informazione personale aggiuntiva e non vengono utilizzati per:\u00a0<\/span><\/div><div><span class=\"fs15\">I) ricavare informazioni statistiche anonime sull\u2019uso del sito;\u00a0<\/span><\/div><div><span class=\"fs15\">II) gestire esigenze di controllo delle modalit\u00e0 di utilizzo dello stesso.<\/span><\/div><div>\u00a0<\/div><div><span class=\"fs15\">La base giuridica che legittima il trattamento di tali dati \u00e8 la necessit\u00e0 di rendere utilizzabili le funzionalit\u00e0 del sito a seguito dell\u2019accesso dell\u2019utente.<\/span><\/div><div>\u00a0<\/div><div><b class=\"fs15\">Dati forniti volontariamente dall\u2019utente<\/b><\/div><div>\u00a0<\/div><div><span class=\"fs15\">I dati personali forniti dall\u2019utente tramite form (nome, cognome ed e-mail) sono raccolti e trattati per le seguenti finalit\u00e0:<\/span><\/div><div>\u00a0<\/div><div><span class=\"fs15\">a) per lo svolgimento delle attivit\u00e0 di relazione con il cliente, per rispondere alle richieste sui nostri servizi, per fornire informazioni.<\/span><\/div><div>\u00a0<\/div><div><span class=\"fs15\">b) per finalit\u00e0 amministrative e per l\u2019adempimento di obblighi di legge quali ad esempio quelli di natura contabile, fiscale, o per dar corso a richieste dell\u2019autorit\u00e0 giudiziaria;<\/span><\/div><div>\u00a0<\/div><div><span class=\"fs15\">La base giuridica che legittima il trattamento \u00e8 l\u2019esecuzione di un contratto di cui l\u2019interessato \u00e8 parte o l\u2019esecuzione di misure precontrattuali adottate su richiesta dello stesso. Nei casi espressamente indicati la base giuridica \u00e8 il consenso liberamente fornito dall\u2019interessato.<\/span><\/div><div>\u00a0<\/div><div><b class=\"fs15\">Dati raccolti tramite il sito internet.<\/b><\/div><div>\u00a0<\/div><div><span class=\"fs15\">Per completa informazione precisiamo che nell\u2019invio delle comunicazioni,\u00a0<b>Meravigliosa Toscana s.r.l.<\/b>\u00a0si avvale della propria Piattaforma Web, che, attraverso lo stesso, consente di rilevare la raccolta dei dati inseriti dall\u2019utente.<br \/><\/span><\/div><div>\u00a0<\/div><div><b class=\"fs15\">3. Natura del conferimento<\/b><\/div><div>\u00a0<\/div><div><span class=\"fs15\">A parte quanto specificato per i dati di navigazione e per i dati raccolti tramite la Piattaforma\u00a0<b>Meravigliosa Toscana s.r.l.\u00a0<\/b>nello specifico<b>\u00a0www.casamarta.it\u00a0<\/b>raccogli i soli dati comuni inseriti dall\u2019utente per ricevere informazioni.<br \/><\/span><\/div><div>\u00a0<\/div><div><b class=\"fs15\">4. Modalit\u00e0 di trattamento e tempi di conservazione dei dati<\/b><\/div><div>\u00a0<\/div><div><span class=\"fs15\">I dati raccolti saranno trattati mediante strumenti elettronici o comunque automatizzati, informatici e telematici, o mediante elaborazioni manuali con logiche strettamente correlate alle finalit\u00e0 per le quali i dati personali sono stati raccolti e, comunque, in modo da garantire in ogni caso la sicurezza dei medesimi. I dati vengono conservati per il tempo strettamente necessario alla gestione delle finalit\u00e0 per le quali i dati stessi sono raccolti nel rispetto delle norme vigenti e degli obblighi di legge.<\/span><\/div><div><span class=\"fs15\">In ogni caso\u00a0<b>Meravigliosa Toscana s.r.l<\/b><b>.<\/b>\u00a0pratica regole che impediscono la conservazione dei dati a tempo indeterminato e limita quindi il tempo di conservazione nel rispetto del principio di minimizzazione del trattamento dei dati.<br \/><\/span><\/div><div>\u00a0<\/div><div><b class=\"fs15\">5. Soggetti autorizzati al trattamento, responsabili e comunicazione dei dati<\/b><\/div><div>\u00a0<\/div><div><span class=\"fs15\">Il trattamento dei dati raccolti \u00e8 effettuato da personale interno della\u00a0<b>Meravigliosa Toscana s.r.l.<\/b>\u00a0a tal fine individuato e autorizzato del trattamento secondo specifiche istruzioni impartite nel rispetto della normativa vigente.<\/span><\/div><div><span class=\"fs15\">I dati raccolti non vengono diffusi ma trattati solo ed esclusivamente internamente alla azienda.<\/span><\/div><div>\u00a0<\/div><div><b class=\"fs15\">6. Diritti dell\u2019interessato<\/b><\/div><div>\u00a0<\/div><div><span class=\"fs15\">In ogni momento \u00e8 possibile accedere ai dati, opporsi al trattamento o chiedere la cancellazione, la modifica o l\u2019aggiornamento di tutte le informazioni personali raccolte da\u00a0<b>Meravigliosa Toscana s.r.l.\u00a0<\/b><\/span><\/div><div><span class=\"fs15\">L\u2019interessato pu\u00f2 esercitare presso il Responsabile dei Dati nominato i diritti descritti nell. Art. 14-15-16-17- del Regolamento UE 679\/2016 esercitando il diritto alla limitazione del trattamento e il diritto alla portabilit\u00e0 dei dati, inviando un\u2019e-mail all\u2019indirizzo\u00a0<b>info@casamarta.it<\/b><\/span><\/div>\t\t\t\t\t\t\t\t<\/div>\n\t\t\t\t<\/div>\n\t\t\t\t\t<\/div>\n\t\t<\/div>\n\t\t\t\t\t<\/div>\n\t\t<\/section>\n\t\t\t\t<section class=\"elementor-section elementor-top-section elementor-element elementor-element-5519831e elementor-section-boxed elementor-section-height-default elementor-section-height-default\" data-id=\"5519831e\" data-element_type=\"section\" id=\"cookies-policy\">\n\t\t\t\t\t\t<div class=\"elementor-container elementor-column-gap-default\">\n\t\t\t\t\t<div class=\"elementor-column elementor-col-100 elementor-top-column elementor-element elementor-element-db27111\" data-id=\"db27111\" data-element_type=\"column\">\n\t\t\t<div class=\"elementor-widget-wrap elementor-element-populated\">\n\t\t\t\t\t\t<div class=\"elementor-element elementor-element-30c6e660 elementor-widget elementor-widget-heading\" data-id=\"30c6e660\" data-element_type=\"widget\" data-widget_type=\"heading.default\">\n\t\t\t\t<div class=\"elementor-widget-container\">\n\t\t\t\t\t<h2 class=\"elementor-heading-title elementor-size-default\">Cookies Policy<\/h2>\t\t\t\t<\/div>\n\t\t\t\t<\/div>\n\t\t\t\t<div class=\"elementor-element elementor-element-379530fa elementor-widget elementor-widget-text-editor\" data-id=\"379530fa\" data-element_type=\"widget\" data-widget_type=\"text-editor.default\">\n\t\t\t\t<div class=\"elementor-widget-container\">\n\t\t\t\t\t\t\t\t\t<ol><li><b class=\"fs11\">Che cosa sono i cookie<\/b><\/li><\/ol><div><span class=\"fs11\">I cookies sono piccoli file di testo che si trovano nel tuo browser. Quando si accede a un sito web, un cookie viene inviato al tuo dispositivo con cui accedi al sito web, inviando informazioni al browser. I cookies sono molto comuni e sono utilizzati su numerosi siti web. Questo accade poich\u00e9 i cookies permettono a chi gestisce il sito web di fare cose utili; per esempio, un cookie consente al gestore di sapere se un computer (e probabilmente il relativo utente) ha visitato il sito web in precedenza. In genere, la finalit\u00e0 dei cookies \u00e8 migliorare il funzionamento del sito web e l\u2019esperienza dell\u2019utente nell\u2019utilizzo dello stesso.<\/span><\/div><div><span class=\"fs11\">Per ulteriori informazioni generali sui cookies, vedere l\u2019articolo di Wikipedia sui cookie (http:\/\/it.wikipedia.org\/wiki\/Cookie)<\/span><\/div><ol><li><b class=\"fs11\">Disattivazione Cookies<\/b><\/li><\/ol><div><span class=\"fs11\">\u00c8 possibile disattivare i cookies modificando le impostazioni del browser (ti consigliamo di vedere la guida del tuo browser per capire meglio come fare). Si ricorda comunque che disattivando i cookies si potrebbero disabilitare alcune funzioni di questo e di molti altri siti web che visiterai; infatti la disattivazione dei cookie di solito causa l\u2019interruzione di alcune funzioni e caratteristiche del sito. Pertanto si consiglia di non disattivare i cookie.<\/span><\/div><ol><li><b class=\"fs11\">I Cookies indispensabili<\/b><\/li><\/ol><div><span class=\"fs11\">Questi cookie sono fondamentali per consentire all\u2019utente di utilizzare il sito.<\/span><\/div><div><span class=\"fs11\">I cookie indispensabili sono cookie di prime parti e possono essere permanenti o temporanei. Senza questi cookie il sito non funzionerebbe correttamente.<\/span><\/div><ol><li><b class=\"fs11\">Cookie di terze parti<\/b><\/li><\/ol><div><span class=\"fs11\">Per alcune funzioni del sito utilizziamo cookie forniti da terzi. Non controlliamo i cookie utilizzati da questi servizi, per cui invitiamo l\u2019utente ad accedere al sito di questi soggetti terzi per le informazioni del caso.<\/span><\/div><div><span class=\"fs11\">Questo sito utilizza cookies di Tripadvisor (https:\/\/tripadvisor.mediaroom.com\/it-privacy-policy) e Facebook Video (https:\/\/www.facebook.com\/privacy\/policies\/cookies\/?entry_point=cookie_policy_redirect&amp;entry=0)<\/span><\/div><ol><li><b class=\"fs11\">Ulteriori informazioni<\/b><\/li><\/ol><div><span class=\"fs11\">Se desideri maggiori informazioni riguardo la politica dei Cookie puoi contattarci attraverso il nostro indirizzo email.<\/span><\/div>\t\t\t\t\t\t\t\t<\/div>\n\t\t\t\t<\/div>\n\t\t\t\t\t<\/div>\n\t\t<\/div>\n\t\t\t\t\t<\/div>\n\t\t<\/section>\n\t\t\t\t<\/div>","protected":false},"excerpt":{"rendered":"<p>Privacy Policy 1. Titolare del trattamento&nbsp;Il Titolare del trattamento in relazione al GDPR &#8211; Regolamento Europeo 679\/2016 nello specifico la societ\u00e0&nbsp;Meravigliosa Toscana s.r.l.&nbsp;con sede legale in Largo Pietro Lotti 9L \u2013 56029 Santacroce sull&#8217;Arno (Pi) &#8211; Italia &#8211; garantisce il rispetto della disciplina in materia di protezione dei dati personali fornendo le seguenti informazioni circa [&hellip;]<\/p>","protected":false},"author":1,"featured_media":0,"parent":0,"menu_order":0,"comment_status":"closed","ping_status":"closed","template":"elementor_header_footer","meta":{"footnotes":""},"class_list":["post-182","page","type-page","status-publish","hentry","entry"],"yoast_head":"<!-- This site is optimized with the Yoast SEO plugin v26.4 - https:\/\/yoast.com\/wordpress\/plugins\/seo\/ -->\r\n<title>Privacy Policy | Casa Marta<\/title>\r\n<meta name=\"robots\" content=\"noindex, follow\" \/>\r\n<meta property=\"og:locale\" content=\"en_GB\" \/>\r\n<meta property=\"og:type\" content=\"article\" \/>\r\n<meta property=\"og:title\" content=\"Privacy Policy | Casa Marta\" \/>\r\n<meta property=\"og:description\" content=\"Privacy Policy 1. Titolare del trattamento&nbsp;Il Titolare del trattamento in relazione al GDPR &#8211; Regolamento Europeo 679\/2016 nello specifico la societ\u00e0&nbsp;Meravigliosa Toscana s.r.l.&nbsp;con sede legale in Largo Pietro Lotti 9L \u2013 56029 Santacroce sull&#8217;Arno (Pi) &#8211; Italia &#8211; garantisce il rispetto della disciplina in materia di protezione dei dati personali fornendo le seguenti informazioni circa [&hellip;]\" \/>\r\n<meta property=\"og:url\" content=\"https:\/\/www.casamarta.it\/en1\/privacy-policy\/\" \/>\r\n<meta property=\"og:site_name\" content=\"Casa Marta\" \/>\r\n<meta property=\"article:publisher\" content=\"https:\/\/www.facebook.com\/casamarta.casavacanze\" \/>\r\n<meta property=\"article:modified_time\" content=\"2023-03-14T08:51:24+00:00\" \/>\r\n<meta name=\"twitter:card\" content=\"summary_large_image\" \/>\r\n<meta name=\"twitter:label1\" content=\"Estimated reading time\" \/>\n\t<meta name=\"twitter:data1\" content=\"5 minutes\" \/>\r\n<script type=\"application\/ld+json\" class=\"yoast-schema-graph\">{\"@context\":\"https:\/\/schema.org\",\"@graph\":[{\"@type\":\"WebPage\",\"@id\":\"https:\/\/www.casamarta.it\/privacy-policy\/\",\"url\":\"https:\/\/www.casamarta.it\/privacy-policy\/\",\"name\":\"Privacy Policy | Casa Marta\",\"isPartOf\":{\"@id\":\"https:\/\/www.casamarta.it\/#website\"},\"datePublished\":\"2023-03-08T14:27:38+00:00\",\"dateModified\":\"2023-03-14T08:51:24+00:00\",\"breadcrumb\":{\"@id\":\"https:\/\/www.casamarta.it\/privacy-policy\/#breadcrumb\"},\"inLanguage\":\"en-GB\",\"potentialAction\":[{\"@type\":\"ReadAction\",\"target\":[\"https:\/\/www.casamarta.it\/privacy-policy\/\"]}]},{\"@type\":\"BreadcrumbList\",\"@id\":\"https:\/\/www.casamarta.it\/privacy-policy\/#breadcrumb\",\"itemListElement\":[{\"@type\":\"ListItem\",\"position\":1,\"name\":\"Home\",\"item\":\"https:\/\/www.casamarta.it\/\"},{\"@type\":\"ListItem\",\"position\":2,\"name\":\"Privacy Policy\"}]},{\"@type\":\"WebSite\",\"@id\":\"https:\/\/www.casamarta.it\/#website\",\"url\":\"https:\/\/www.casamarta.it\/\",\"name\":\"Casa Marta\",\"description\":\"Casa Vacanze a Pitigliano\",\"publisher\":{\"@id\":\"https:\/\/www.casamarta.it\/#organization\"},\"alternateName\":\"Vacanze in Toscana\",\"potentialAction\":[{\"@type\":\"SearchAction\",\"target\":{\"@type\":\"EntryPoint\",\"urlTemplate\":\"https:\/\/www.casamarta.it\/?s={search_term_string}\"},\"query-input\":{\"@type\":\"PropertyValueSpecification\",\"valueRequired\":true,\"valueName\":\"search_term_string\"}}],\"inLanguage\":\"en-GB\"},{\"@type\":\"Organization\",\"@id\":\"https:\/\/www.casamarta.it\/#organization\",\"name\":\"Casa Marta\",\"alternateName\":\"Meravigliosa Toscana - Casa Marta\",\"url\":\"https:\/\/www.casamarta.it\/\",\"logo\":{\"@type\":\"ImageObject\",\"inLanguage\":\"en-GB\",\"@id\":\"https:\/\/www.casamarta.it\/#\/schema\/logo\/image\/\",\"url\":\"https:\/\/www.casamarta.it\/wp-content\/uploads\/2023\/03\/logo-casam-vivo-ok.png\",\"contentUrl\":\"https:\/\/www.casamarta.it\/wp-content\/uploads\/2023\/03\/logo-casam-vivo-ok.png\",\"width\":512,\"height\":136,\"caption\":\"Casa Marta\"},\"image\":{\"@id\":\"https:\/\/www.casamarta.it\/#\/schema\/logo\/image\/\"},\"sameAs\":[\"https:\/\/www.facebook.com\/casamarta.casavacanze\"]}]}<\/script>\r\n<!-- \/ Yoast SEO plugin. -->","yoast_head_json":{"title":"Privacy Policy | Casa Marta","robots":{"index":"noindex","follow":"follow"},"og_locale":"en_GB","og_type":"article","og_title":"Privacy Policy | Casa Marta","og_description":"Privacy Policy 1. Titolare del trattamento&nbsp;Il Titolare del trattamento in relazione al GDPR &#8211; Regolamento Europeo 679\/2016 nello specifico la societ\u00e0&nbsp;Meravigliosa Toscana s.r.l.&nbsp;con sede legale in Largo Pietro Lotti 9L \u2013 56029 Santacroce sull&#8217;Arno (Pi) &#8211; Italia &#8211; garantisce il rispetto della disciplina in materia di protezione dei dati personali fornendo le seguenti informazioni circa [&hellip;]","og_url":"https:\/\/www.casamarta.it\/en1\/privacy-policy\/","og_site_name":"Casa Marta","article_publisher":"https:\/\/www.facebook.com\/casamarta.casavacanze","article_modified_time":"2023-03-14T08:51:24+00:00","twitter_card":"summary_large_image","twitter_misc":{"Estimated reading time":"5 minutes"},"schema":{"@context":"https:\/\/schema.org","@graph":[{"@type":"WebPage","@id":"https:\/\/www.casamarta.it\/privacy-policy\/","url":"https:\/\/www.casamarta.it\/privacy-policy\/","name":"Privacy Policy | Casa Marta","isPartOf":{"@id":"https:\/\/www.casamarta.it\/#website"},"datePublished":"2023-03-08T14:27:38+00:00","dateModified":"2023-03-14T08:51:24+00:00","breadcrumb":{"@id":"https:\/\/www.casamarta.it\/privacy-policy\/#breadcrumb"},"inLanguage":"en-GB","potentialAction":[{"@type":"ReadAction","target":["https:\/\/www.casamarta.it\/privacy-policy\/"]}]},{"@type":"BreadcrumbList","@id":"https:\/\/www.casamarta.it\/privacy-policy\/#breadcrumb","itemListElement":[{"@type":"ListItem","position":1,"name":"Home","item":"https:\/\/www.casamarta.it\/"},{"@type":"ListItem","position":2,"name":"Privacy Policy"}]},{"@type":"WebSite","@id":"https:\/\/www.casamarta.it\/#website","url":"https:\/\/www.casamarta.it\/","name":"Casa Marta","description":"Casa Vacanze a Pitigliano","publisher":{"@id":"https:\/\/www.casamarta.it\/#organization"},"alternateName":"Vacanze in Toscana","potentialAction":[{"@type":"SearchAction","target":{"@type":"EntryPoint","urlTemplate":"https:\/\/www.casamarta.it\/?s={search_term_string}"},"query-input":{"@type":"PropertyValueSpecification","valueRequired":true,"valueName":"search_term_string"}}],"inLanguage":"en-GB"},{"@type":"Organization","@id":"https:\/\/www.casamarta.it\/#organization","name":"Casa Marta","alternateName":"Meravigliosa Toscana - Casa Marta","url":"https:\/\/www.casamarta.it\/","logo":{"@type":"ImageObject","inLanguage":"en-GB","@id":"https:\/\/www.casamarta.it\/#\/schema\/logo\/image\/","url":"https:\/\/www.casamarta.it\/wp-content\/uploads\/2023\/03\/logo-casam-vivo-ok.png","contentUrl":"https:\/\/www.casamarta.it\/wp-content\/uploads\/2023\/03\/logo-casam-vivo-ok.png","width":512,"height":136,"caption":"Casa Marta"},"image":{"@id":"https:\/\/www.casamarta.it\/#\/schema\/logo\/image\/"},"sameAs":["https:\/\/www.facebook.com\/casamarta.casavacanze"]}]}},"_links":{"self":[{"href":"https:\/\/www.casamarta.it\/en1\/wp-json\/wp\/v2\/pages\/182","targetHints":{"allow":["GET"]}}],"collection":[{"href":"https:\/\/www.casamarta.it\/en1\/wp-json\/wp\/v2\/pages"}],"about":[{"href":"https:\/\/www.casamarta.it\/en1\/wp-json\/wp\/v2\/types\/page"}],"author":[{"embeddable":true,"href":"https:\/\/www.casamarta.it\/en1\/wp-json\/wp\/v2\/users\/1"}],"replies":[{"embeddable":true,"href":"https:\/\/www.casamarta.it\/en1\/wp-json\/wp\/v2\/comments?post=182"}],"version-history":[{"count":10,"href":"https:\/\/www.casamarta.it\/en1\/wp-json\/wp\/v2\/pages\/182\/revisions"}],"predecessor-version":[{"id":314,"href":"https:\/\/www.casamarta.it\/en1\/wp-json\/wp\/v2\/pages\/182\/revisions\/314"}],"wp:attachment":[{"href":"https:\/\/www.casamarta.it\/en1\/wp-json\/wp\/v2\/media?parent=182"}],"curies":[{"name":"wp","href":"https:\/\/api.w.org\/{rel}","templated":true}]}}